{"id":29,"date":"2020-01-05T16:17:41","date_gmt":"2020-01-05T16:17:41","guid":{"rendered":"http:\/\/adalbert-detering.de\/?page_id=29"},"modified":"2023-02-04T16:25:26","modified_gmt":"2023-02-04T16:25:26","slug":"datenschutzerklaerung","status":"publish","type":"page","link":"https:\/\/adalbert-detering.de\/?page_id=29","title":{"rendered":"Datenschutzerkl\u00e4rung"},"content":{"rendered":"\n<h3 class=\"wp-block-heading\">Wem diese Website geh\u00f6rt<\/h3>\n\n\n\n<p>Die Adresse dieser Website ist: http:\/\/www.auf-dein-wort.de sowie http:\/\/www.web-weide.de und http:\/\/www.adalbert-detering.de<\/p>\n\n\n\n<p>Verantwortlich im Sinne der Datenschutzgesetze, insbesondere der EU-Datenschutzgrundverordnung (DSGVO), ist:<\/p>\n\n\n\n<p><em>Adalbert Detering, Damm 256, 32479 Hille<\/em><br> <em>EMail: pfarrer@adalbert-detering.de<\/em><\/p>\n\n\n\n<h3 class=\"wp-block-heading\">Welche personenbezogenen Daten gesammelt werden und warum<\/h3>\n\n\n\n<p>Durch die Nutzung unserer Website erkl\u00e4ren Sie sich mit der Erhebung,\n Verarbeitung und Nutzung von Daten gem\u00e4\u00df der nachfolgenden Beschreibung\n einverstanden.<\/p>\n\n\n\n<h4 class=\"wp-block-heading\">Registrierung<\/h4>\n\n\n\n<p>Unsere Website kann grunds\u00e4tzlich ohne Registrierung besucht werden. \nDabei werden Daten wie beispielsweise aufgerufene Seiten bzw. Namen der \nabgerufenen Datei, Datum und Uhrzeit zu statistischen Zwecken auf dem \nServer gespeichert, ohne dass diese Daten unmittelbar auf Ihre Person \nbezogen werden. Personenbezogene Daten, insbesondere Name, Adresse oder \nE-Mail-Adresse werden grunds\u00e4tzlich nur auf freiwilliger Basis erhoben. \nOhne Ihre Einwilligung erfolgt keine Weitergabe der Daten an Dritte.<\/p>\n\n\n\n<h4 class=\"wp-block-heading\">Kommentare<\/h4>\n\n\n\n<p>Wenn Besucher Kommentare auf der Website schreiben, sammeln wir die \nDaten, die im Kommentar-Formular angezeigt werden, au\u00dferdem die \nIP-Adresse des Besuchers und den User-Agent-String (damit wird der \nBrowser identifiziert), um die Erkennung von Spam zu unterst\u00fctzen.<\/p>\n\n\n\n<p>Aus Ihrer E-Mail-Adresse kann eine anonymisierte Zeichenfolge \nerstellt (auch Hash genannt) und dem Gravatar-Dienst \u00fcbergeben werden, \num zu pr\u00fcfen, ob du diesen benutzt. Die Datenschutzerkl\u00e4rung des \nGravatar-Dienstes finden Sie hier: <a href=\"https:\/\/automattic.com\/privacy\/\" target=\"_blank\" rel=\"noreferrer noopener\">https:\/\/automattic.com\/privacy\/<\/a>. Nachdem Ihr Kommentar freigegeben wurde, ist Ihr Profilbild \u00f6ffentlich im Kontext Ihres Kommentars sichtbar.<\/p>\n\n\n\n<h4 class=\"wp-block-heading\">Cookies<\/h4>\n\n\n\n<p>Wenn Sie einen Kommentar auf unserer Website schreiben, kann das eine  Einwilligung sein, deinen Namen, E-Mail-Adresse und Website in Cookies zu speichern. Dies ist eine Komfortfunktion, damit Sie nicht, wenn Sie  einen weiteren Kommentar schreiben, all diese Daten erneut eingeben  m\u00fcssen. Diese Cookies werden ein Jahr lang gespeichert.<\/p>\n\n\n\n<p>Falls Sie ein Konto haben und sich auf dieser Website anmelden, wird \nein tempor\u00e4res Cookie gesetzt, um festzustellen, ob Ihr Browser Cookies \nakzeptiert. Dieses Cookie enth\u00e4lt keine personenbezogenen Daten und wird\n verworfen, wenn Sie Ihren Browser schlie\u00dfen.<\/p>\n\n\n\n<p>Wenn Sie sich anmelden, werden einige Cookies eingerichtet, um Ihre \nAnmeldeinformationen und Anzeigeoptionen zu speichern. Anmelde-Cookies \nverfallen nach zwei Tagen und Cookies f\u00fcr die Anzeigeoptionen nach einem\n Jahr. Falls Sie bei der Anmeldung \u201eAngemeldet bleiben\u201c ausw\u00e4hlen, wird \nIhre Anmeldung zwei Wochen lang aufrechterhalten. Mit der Abmeldung aus \nIhrem Konto werden die Anmelde-Cookies gel\u00f6scht.<\/p>\n\n\n\n<p>Wenn Sie einen Artikel bearbeiten oder ver\u00f6ffentlichen, wird ein zus\u00e4tzlicher Cookie in Ihrem Browser gespeichert. Dieser Cookie enth\u00e4lt keine personenbezogenen Daten und verweist nur auf die Beitrags-ID des  Artikels, den Sie gerade bearbeitet haben. Der Cookie verf\u00e4llt nach  einem Tag.<\/p>\n\n\n\n<h3 class=\"wp-block-heading\">Wie lange Ihre Daten gespeichert werden<\/h3>\n\n\n\n<p>Wenn Sie einen Kommentar schreiben, wird dieser inklusive Metadaten \nzeitlich unbegrenzt gespeichert. Auf diese Art k\u00f6nnen wir \nFolgekommentare automatisch erkennen und freigeben, anstelle sie in \neiner Moderations-Warteschlange festzuhalten.<\/p>\n\n\n\n<p>F\u00fcr Benutzer, die sich auf unserer Website registrieren, werden zus\u00e4tzlich die pers\u00f6nlichen Informationen gespeichert, die sie in ihren  Benutzerprofilen angeben. Alle Benutzer k\u00f6nnen jederzeit ihre  pers\u00f6nlichen Informationen einsehen, ver\u00e4ndern oder l\u00f6schen (der  Benutzername kann nicht ver\u00e4ndert werden). Administratoren der Website  k\u00f6nnen diese Informationen ebenfalls einsehen und ver\u00e4ndern.<\/p>\n\n\n\n<h3 class=\"wp-block-heading\">Welche Rechte Sie an Ihren Daten haben<\/h3>\n\n\n\n<p>Wenn Sie ein Konto auf dieser Website besitzen oder Kommentare \ngeschrieben haben, k\u00f6nnen Sie einen Export Ihrer personenbezogenen Daten\n bei uns anfordern, inklusive aller Daten, die Sie uns mitgeteilt haben.\n Dar\u00fcber hinaus k\u00f6nnen Sie die L\u00f6schung aller personenbezogenen Daten, \ndie wir von Ihnen gespeichert haben, anfordern. Dies umfasst nicht die \nDaten, die aufgrund administrativer, rechtlicher oder \nsicherheitsrelevanter Notwendigkeiten aufbewahren werden m\u00fcssen.<\/p>\n\n\n\n<h3 class=\"wp-block-heading\">Wohin Ihre Daten gesendet werden<\/h3>\n\n\n\n<p>Besucher-Kommentare k\u00f6nnten von einem automatisierten Dienst wie Akismet zur Spam-Erkennung untersucht werden.<\/p>\n\n\n\n<p><strong>Akismet: <\/strong>\u201eWir sammeln Informationen \u00fcber Besucher, \ndie Kommentare auf Websites, die unseren Akismet Anti-Spam Service \nbenutzen, hinterlassen. Das Ausma\u00df an Informationen, die wir sammeln, \nh\u00e4ngt davon ab, wie der Benutzer seine Website einstellt hat. \nNormalerweise beinhalten diese Daten die IP-Adresse des Benutzers, den \nUser Agent, Referrer und Website-URL (sowie den Informationen, die der \nBenutzer direkt eingegeben hat wie z.B. Namen, Benutzernamen, \nE-Mail-Adresse und den Kommentar selbst).\u201c<\/p>\n","protected":false},"excerpt":{"rendered":"<p>Wem diese Website geh\u00f6rt Die Adresse dieser Website ist: http:\/\/www.auf-dein-wort.de sowie http:\/\/www.web-weide.de und http:\/\/www.adalbert-detering.de Verantwortlich im Sinne der Datenschutzgesetze, insbesondere der EU-Datenschutzgrundverordnung (DSGVO), ist: Adalbert Detering, Damm 256, 32479 Hille EMail: pfarrer@adalbert-detering.de Welche personenbezogenen Daten gesammelt werden und warum Durch die Nutzung unserer Website erkl\u00e4ren Sie sich mit der Erhebung, Verarbeitung und Nutzung von Daten &#8230; <span class=\"more\"><a class=\"more-link\" href=\"https:\/\/adalbert-detering.de\/?page_id=29\">[Read more&#8230;]<\/a><\/span><\/p>\n","protected":false},"author":1,"featured_media":50,"parent":0,"menu_order":2,"comment_status":"closed","ping_status":"closed","template":"","meta":{"footnotes":""},"jetpack_sharing_enabled":true,"_links":{"self":[{"href":"https:\/\/adalbert-detering.de\/index.php?rest_route=\/wp\/v2\/pages\/29"}],"collection":[{"href":"https:\/\/adalbert-detering.de\/index.php?rest_route=\/wp\/v2\/pages"}],"about":[{"href":"https:\/\/adalbert-detering.de\/index.php?rest_route=\/wp\/v2\/types\/page"}],"author":[{"embeddable":true,"href":"https:\/\/adalbert-detering.de\/index.php?rest_route=\/wp\/v2\/users\/1"}],"replies":[{"embeddable":true,"href":"https:\/\/adalbert-detering.de\/index.php?rest_route=%2Fwp%2Fv2%2Fcomments&post=29"}],"version-history":[{"count":3,"href":"https:\/\/adalbert-detering.de\/index.php?rest_route=\/wp\/v2\/pages\/29\/revisions"}],"predecessor-version":[{"id":97,"href":"https:\/\/adalbert-detering.de\/index.php?rest_route=\/wp\/v2\/pages\/29\/revisions\/97"}],"wp:featuredmedia":[{"embeddable":true,"href":"https:\/\/adalbert-detering.de\/index.php?rest_route=\/wp\/v2\/media\/50"}],"wp:attachment":[{"href":"https:\/\/adalbert-detering.de\/index.php?rest_route=%2Fwp%2Fv2%2Fmedia&parent=29"}],"curies":[{"name":"wp","href":"https:\/\/api.w.org\/{rel}","templated":true}]}}