{"id":31,"date":"2020-01-05T16:25:36","date_gmt":"2020-01-05T16:25:36","guid":{"rendered":"http:\/\/adalbert-detering.de\/?page_id=31"},"modified":"2022-10-18T17:20:53","modified_gmt":"2022-10-18T17:20:53","slug":"lebensmotto-und-logo","status":"publish","type":"page","link":"https:\/\/adalbert-detering.de\/?page_id=31","title":{"rendered":"Lebensmotto und Logo"},"content":{"rendered":"<div class=\"wp-block-image\">\n<figure class=\"alignright size-large\"><img loading=\"lazy\" decoding=\"async\" width=\"221\" height=\"300\" src=\"http:\/\/adalbert-detering.de\/wp-content\/uploads\/2020\/01\/AD-Logo-hoch.png\" alt=\"\" class=\"wp-image-55\"\/><\/figure><\/div>\n\n\n<p>In\n einer Zeit, als ich eine Neuorientierung in meinem Beruf suchte, wollte\n ich mir meiner pers\u00f6nlichen Berufung gewiss werden. Im intensiven \nNachdenken dar\u00fcber entwarf ich ein pers\u00f6nliches Logo und Motto f\u00fcr den \nNeuanfang.<\/p>\n\n\n\n<p>Beide reflektieren die neutestamentliche Berufungsgeschichte des \nPetrus im Lukasevangelium Kapitel 5: Jesus fordert Petrus nach einem \nerfolglosen Fischzug auf, noch einmal hinaus zu fahren und die Netze \nauszuwerfen. Petrus war Fachmann, was Fische und Fischen anging. Was \nJesus von ihm forderte, war fachlich gesehen unsinnig: nur nachts \nschwimmen die Fische an der Oberfl\u00e4che und lassen sich leicht fangen, \nbei Tageslicht schwimmen sie tiefer unten. Petrus hatte einen \nbegr\u00fcndeten Zweifel, ob es Sinn macht, der Aufforderung von&nbsp;Jesus zu \nfolgen. Andererseits beobachtete er Jesus seit geraumer Zeit. Er hatte \nerstaunliche Erfahrungen gemacht. So gibt er ihm eine Chance: \u201eAuf Dein \nWort hin will ich die Netze noch einmal auswerfen.\u201c Und er machte einen \nunglaublichen Fang und damit eine unglaubliche Entdeckung: n\u00e4mlich wer \nJesus ist und dass er seiner Gemeinschaft nicht w\u00fcrdig ist. Doch Jesus \nw\u00fcrdigt ihn, indem er ihm sein ganzes Vertrauen schenkt und in Dienst \nnimmt.<\/p>\n\n\n\n<p>Wie Petrus k\u00f6nnen wir heute auch nur \nErfahrungen mit Jesus machen, wenn wir auf sein Wort hin handeln. \nDeshalb gilt es immer wieder neu auf das zu h\u00f6ren, was Jesus uns zu \nsagen hat. Jesus spricht heute nicht mehr direkt zu uns. Wir lesen seine\n Worte und Taten in der Bibel im Neuen Testament. Den ersten Teil der \nBibel, das Alte Testament, haben wir ebenfalls, weil es die Bibel von \nJesus war und er sich st\u00e4ndig darauf bezog. Gottes Geist will uns in \nalle Wahrheit \u00fcber Jesus leiten. So gilt es seinen Worten und Taten \nnachzudenken und der leisen Stimme, die darin zu uns spricht, zu folgen.\n Nur indem wir ihm auch manchmal gegen unsere begr\u00fcndeten Zweifel eine \nChance geben, kann er sich uns als der erweisen, der er wirklich ist. \nDas habe ich vielfach erfahren. Vor allem an wichtigen Weggabelungen \nmeines Lebens, wenn ich weitreichende Entscheidungen zu treffen hatte, \nhabe ich die Realit\u00e4t seines Wortes erfahren, dass er auch heute noch \nf\u00fchrt, hilft, heilt und sich als&nbsp; der Lebendige erweist.<\/p>\n\n\n\n<p>Die von Petrus angenommene Herausforderung \nvon Jesus, die er mit den Worten \u201eAuf dein Wort..\u201c annimmt, ergeben nun \ndie Initialen des Logos, dass f\u00fcr mich gelten soll.&nbsp; Gleichzeitig stehen\n sie f\u00fcr die Initialen meines Namens A(dalbert) D(etering) und die f\u00fcr \ndas Wort \u201eWagen\u201c. Das bezieht sich auf mein Lebensmotto: \u201eWage neu \u2013 \nbleibe treu !\u201c, das ebenso die Geschichte des Petrus als meine \nGeschichte reflektiert. Ich m\u00f6chte es immer wieder neu auf das Wort von \nJesus hin wagen, dabei aber seinem Wort und mir selbst treu bleiben.<\/p>\n\n\n<div class=\"wp-block-image\">\n<figure class=\"alignleft size-large\"><img loading=\"lazy\" decoding=\"async\" width=\"300\" height=\"221\" src=\"http:\/\/adalbert-detering.de\/wp-content\/uploads\/2020\/01\/AD-Logo-quer.png\" alt=\"\" class=\"wp-image-63\"\/><\/figure><\/div>\n\n\n<p>Wenn\n man das Logo um 90 Grad dreht, bildet es ein Segelschiff auf dem \nWasser. Das symbolisiert: Auf sein Wort hin los zu segeln, es zu wagen \nund mit dem Wort von Jesus Erfahrungen zu machen.<\/p>\n\n\n\n<p><a href=\"http:\/\/de.wikipedia.org\/wiki\/Oswald_Chambers\" target=\"_blank\" rel=\"noreferrer noopener\">Oswald Chambers<\/a> sagt dazu:<\/p>\n\n\n\n<blockquote class=\"wp-block-quote is-layout-flow wp-block-quote-is-layout-flow\"><p>\u201eWirf alles auf Gott und fahre hinaus auf der hohen,  steigenden Flut seiner Absichten und Pl\u00e4ne, und die Augen werden dir aufgetan werden. Du musst aus dem Hafen hinaus fahren auf die hohe See Gottes und anfangen, von dir selbst aus zu wissen, anfangen, selbst ein  geistliches Erkenntnisverm\u00f6gen zu haben.\u201c<\/p><\/blockquote>\n","protected":false},"excerpt":{"rendered":"<p>In einer Zeit, als ich eine Neuorientierung in meinem Beruf suchte, wollte ich mir meiner pers\u00f6nlichen Berufung gewiss werden. Im intensiven Nachdenken dar\u00fcber entwarf ich ein pers\u00f6nliches Logo und Motto f\u00fcr den Neuanfang. Beide reflektieren die neutestamentliche Berufungsgeschichte des Petrus im Lukasevangelium Kapitel 5: Jesus fordert Petrus nach einem erfolglosen Fischzug auf, noch einmal hinaus &#8230; <span class=\"more\"><a class=\"more-link\" href=\"https:\/\/adalbert-detering.de\/?page_id=31\">[Read more&#8230;]<\/a><\/span><\/p>\n","protected":false},"author":1,"featured_media":54,"parent":0,"menu_order":2,"comment_status":"closed","ping_status":"closed","template":"","meta":{"footnotes":""},"jetpack_sharing_enabled":true,"_links":{"self":[{"href":"https:\/\/adalbert-detering.de\/index.php?rest_route=\/wp\/v2\/pages\/31"}],"collection":[{"href":"https:\/\/adalbert-detering.de\/index.php?rest_route=\/wp\/v2\/pages"}],"about":[{"href":"https:\/\/adalbert-detering.de\/index.php?rest_route=\/wp\/v2\/types\/page"}],"author":[{"embeddable":true,"href":"https:\/\/adalbert-detering.de\/index.php?rest_route=\/wp\/v2\/users\/1"}],"replies":[{"embeddable":true,"href":"https:\/\/adalbert-detering.de\/index.php?rest_route=%2Fwp%2Fv2%2Fcomments&post=31"}],"version-history":[{"count":6,"href":"https:\/\/adalbert-detering.de\/index.php?rest_route=\/wp\/v2\/pages\/31\/revisions"}],"predecessor-version":[{"id":93,"href":"https:\/\/adalbert-detering.de\/index.php?rest_route=\/wp\/v2\/pages\/31\/revisions\/93"}],"wp:featuredmedia":[{"embeddable":true,"href":"https:\/\/adalbert-detering.de\/index.php?rest_route=\/wp\/v2\/media\/54"}],"wp:attachment":[{"href":"https:\/\/adalbert-detering.de\/index.php?rest_route=%2Fwp%2Fv2%2Fmedia&parent=31"}],"curies":[{"name":"wp","href":"https:\/\/api.w.org\/{rel}","templated":true}]}}