{"id":33,"date":"2020-01-05T16:26:44","date_gmt":"2020-01-05T16:26:44","guid":{"rendered":"http:\/\/adalbert-detering.de\/?page_id=33"},"modified":"2020-01-05T18:53:34","modified_gmt":"2020-01-05T18:53:34","slug":"statement","status":"publish","type":"page","link":"https:\/\/adalbert-detering.de\/?page_id=33","title":{"rendered":"Statement"},"content":{"rendered":"\n<h4 class=\"wp-block-heading\">Das ist mir wichtig:<\/h4>\n\n\n\n<p>Ich bin Pfarrer in der evangelischen Kirche, weil ich  Menschen \nhelfen m\u00f6chte, dass sie eine lebendige Beziehung zu Gott  finden, ihn \nimmer besser kennen und lieben lernen, im Glauben zu  wachsen, ihm im \nLeben zu dienen und einmal selig zu sterben. Ich  verstehe meinen Dienst\n von dieser Grundlage her:<\/p>\n\n\n\n<ol><li> Hinter allen menschlichen Fragen, die uns begegnen,  stellt sich im Letzten offen oder geheim die Frage nach <strong>Gott<\/strong>,\n  und zwar dem Gott, der seine Menschen liebt, in die Nachfolge von \nJesus  Christus ruft, in die Gemeinschaft der an ihn Glaubenden stellt, \nsie  vielf\u00e4ltig beschenkt und mit ihren Gaben einsetzt und ihnen eine \ngro\u00dfe  Hoffnung in diesem Leben und \u00fcber dieses Leben hinaus gibt. Ihm \nwerden  wir deshalb auch einmal unser Leben und Handeln verantworten.<\/li><li> Wer und wie dieser Gott ist, das l\u00e4sst sich ablesen  an der Person <strong> Jesus Christus<\/strong>,\n das hei\u00dft an dem, was er in  seinem irdischen Leben gesagt und getan \nhat, und dass er um unsertwillen  gestorben und auferstanden ist. Er \nl\u00e4sst uns durch den Glauben an  seinem eigenen ewigen Leben teilhaben. \nAus der Bibel wissen wir, dass  Gott selbst Jesus Christus und den \npers\u00f6nlichen Glauben an ihn f\u00fcr alle  Menschen zum entscheidenden und \nverbindlichen Kriterium unserer  Beziehung zu ihm gemacht hat. Darum ist\n mir Jesus Christus wichtig.<\/li><li>Es gibt gegen\u00fcber den vielf\u00e4ltigen Vorstellungen  und Meinungen \u00fcber\n Gott nur eine Wahrheit. Die aber k\u00f6nnen wir erkennen,  weil Gott sich \nuns selbst bekannt gemacht hat in der Geschichte Israels  und in Jesus \nChristus. Das Zeugnis davon finden wir in der <strong>Bibel<\/strong>.  \nWenn wir etwas Verbindliches \u00fcber Gott sagen wollen, k\u00f6nnen wir es nur  \nvom Alten und Neuen Testament her tun. Sie sind deshalb verbindlich f\u00fcr \n unsere Erkenntnis Gottes und unser Leben.<\/li><\/ol>\n\n\n\n<p><em>A.&nbsp; Detering<\/em><\/p>\n","protected":false},"excerpt":{"rendered":"<p>Das ist mir wichtig: Ich bin Pfarrer in der evangelischen Kirche, weil ich Menschen helfen m\u00f6chte, dass sie eine lebendige Beziehung zu Gott finden, ihn immer besser kennen und lieben lernen, im Glauben zu wachsen, ihm im Leben zu dienen und einmal selig zu sterben. Ich verstehe meinen Dienst von dieser Grundlage her: Hinter allen &#8230; <span class=\"more\"><a class=\"more-link\" href=\"https:\/\/adalbert-detering.de\/?page_id=33\">[Read more&#8230;]<\/a><\/span><\/p>\n","protected":false},"author":1,"featured_media":53,"parent":0,"menu_order":1,"comment_status":"closed","ping_status":"closed","template":"","meta":{"footnotes":""},"jetpack_sharing_enabled":true,"_links":{"self":[{"href":"https:\/\/adalbert-detering.de\/index.php?rest_route=\/wp\/v2\/pages\/33"}],"collection":[{"href":"https:\/\/adalbert-detering.de\/index.php?rest_route=\/wp\/v2\/pages"}],"about":[{"href":"https:\/\/adalbert-detering.de\/index.php?rest_route=\/wp\/v2\/types\/page"}],"author":[{"embeddable":true,"href":"https:\/\/adalbert-detering.de\/index.php?rest_route=\/wp\/v2\/users\/1"}],"replies":[{"embeddable":true,"href":"https:\/\/adalbert-detering.de\/index.php?rest_route=%2Fwp%2Fv2%2Fcomments&post=33"}],"version-history":[{"count":1,"href":"https:\/\/adalbert-detering.de\/index.php?rest_route=\/wp\/v2\/pages\/33\/revisions"}],"predecessor-version":[{"id":34,"href":"https:\/\/adalbert-detering.de\/index.php?rest_route=\/wp\/v2\/pages\/33\/revisions\/34"}],"wp:featuredmedia":[{"embeddable":true,"href":"https:\/\/adalbert-detering.de\/index.php?rest_route=\/wp\/v2\/media\/53"}],"wp:attachment":[{"href":"https:\/\/adalbert-detering.de\/index.php?rest_route=%2Fwp%2Fv2%2Fmedia&parent=33"}],"curies":[{"name":"wp","href":"https:\/\/api.w.org\/{rel}","templated":true}]}}